{"id":459,"date":"2024-03-29T13:38:13","date_gmt":"2024-03-29T17:38:13","guid":{"rendered":"https:\/\/rocketpowerskating.com\/?page_id=459"},"modified":"2024-08-01T21:43:43","modified_gmt":"2024-08-02T01:43:43","slug":"programs","status":"publish","type":"page","link":"https:\/\/rocketpowerskating.com\/fr\/programs\/","title":{"rendered":"Programs"},"content":{"rendered":"<div data-elementor-type=\"wp-page\" data-elementor-id=\"459\" class=\"elementor elementor-459\">\n\t\t\t\t\t\t<section class=\"elementor-section elementor-top-section elementor-element elementor-element-48113683 elementor-section-boxed elementor-section-height-default elementor-section-height-default\" data-id=\"48113683\" data-element_type=\"section\" data-e-type=\"section\" data-settings=\"{&quot;background_background&quot;:&quot;classic&quot;}\">\n\t\t\t\t\t\t\t<div class=\"elementor-background-overlay\"><\/div>\n\t\t\t\t\t\t\t<div class=\"elementor-container elementor-column-gap-default\">\n\t\t\t\t\t<div class=\"elementor-column elementor-col-100 elementor-top-column elementor-element elementor-element-5ee5b4ad\" data-id=\"5ee5b4ad\" data-element_type=\"column\" data-e-type=\"column\">\n\t\t\t<div class=\"elementor-widget-wrap elementor-element-populated\">\n\t\t\t\t\t\t<div class=\"elementor-element elementor-element-5152a4e8 elementor-widget elementor-widget-heading\" data-id=\"5152a4e8\" data-element_type=\"widget\" data-e-type=\"widget\" data-widget_type=\"heading.default\">\n\t\t\t\t<div class=\"elementor-widget-container\">\n\t\t\t\t\t<h1 class=\"elementor-heading-title elementor-size-default\">Our Programs<\/h1>\t\t\t\t<\/div>\n\t\t\t\t<\/div>\n\t\t\t\t\t<\/div>\n\t\t<\/div>\n\t\t\t\t\t<\/div>\n\t\t<\/section>\n\t\t\t\t<section class=\"elementor-section elementor-top-section elementor-element elementor-element-4c744067 elementor-section-boxed elementor-section-height-default elementor-section-height-default\" data-id=\"4c744067\" data-element_type=\"section\" data-e-type=\"section\">\n\t\t\t\t\t\t<div class=\"elementor-container elementor-column-gap-default\">\n\t\t\t\t\t<div class=\"elementor-column elementor-col-100 elementor-top-column elementor-element elementor-element-58f625dc\" data-id=\"58f625dc\" data-element_type=\"column\" data-e-type=\"column\">\n\t\t\t<div class=\"elementor-widget-wrap elementor-element-populated\">\n\t\t\t\t\t\t<section class=\"elementor-section elementor-inner-section elementor-element elementor-element-75cff73f elementor-reverse-mobile elementor-section-boxed elementor-section-height-default elementor-section-height-default\" data-id=\"75cff73f\" data-element_type=\"section\" data-e-type=\"section\">\n\t\t\t\t\t\t<div class=\"elementor-container elementor-column-gap-default\">\n\t\t\t\t\t<div class=\"elementor-column elementor-col-50 elementor-inner-column elementor-element elementor-element-5292c114\" data-id=\"5292c114\" data-element_type=\"column\" data-e-type=\"column\">\n\t\t\t<div class=\"elementor-widget-wrap elementor-element-populated\">\n\t\t\t\t\t\t<div class=\"elementor-element elementor-element-16f2240b elementor-widget elementor-widget-heading\" data-id=\"16f2240b\" data-element_type=\"widget\" data-e-type=\"widget\" data-widget_type=\"heading.default\">\n\t\t\t\t<div class=\"elementor-widget-container\">\n\t\t\t\t\t<h2 class=\"elementor-heading-title elementor-size-default\"><u>Power Skating Sessions<\/u><\/h2>\t\t\t\t<\/div>\n\t\t\t\t<\/div>\n\t\t\t\t<div class=\"elementor-element elementor-element-3b4abe09 elementor-widget elementor-widget-text-editor\" data-id=\"3b4abe09\" data-element_type=\"widget\" data-e-type=\"widget\" data-widget_type=\"text-editor.default\">\n\t\t\t\t<div class=\"elementor-widget-container\">\n\t\t\t\t\t\t\t\t\t<p>We will be hosting power skating sessions <b>every week on Sundays<\/b> from April to August to work on the fine details of skating!<\/p>\t\t\t\t\t\t\t\t<\/div>\n\t\t\t\t<\/div>\n\t\t\t\t<div class=\"elementor-element elementor-element-003a7e0 elementor-widget__width-initial elementor-widget elementor-widget-text-editor\" data-id=\"003a7e0\" data-element_type=\"widget\" data-e-type=\"widget\" data-widget_type=\"text-editor.default\">\n\t\t\t\t<div class=\"elementor-widget-container\">\n\t\t\t\t\t\t\t\t\t<p><b>Groupe d\u00e9butant - <\/b>Destin\u00e9 aux joueurs qui d\u00e9butent ou qui n\u2019ont jamais particip\u00e9 \u00e0 une s\u00e9ance de power skating. L\u2019objectif est de cr\u00e9er une base solide sur laquelle ils pourront progresser aux \u00e9tapes suivantes.<\/p><p><b>Groupe r\u00e9gulier \/ interm\u00e9diaire -\u00a0<\/b>Destin\u00e9 aux joueurs qui participent r\u00e9guli\u00e8rement \u00e0 nos s\u00e9ances ou qui poss\u00e8dent d\u00e9j\u00e0 une solide base en patinage. L\u2019objectif est de continuer \u00e0 d\u00e9velopper les habilet\u00e9s n\u00e9cessaires pour atteindre le niveau sup\u00e9rieur tout en int\u00e9grant le maniement de la rondelle dans les exercices !<\/p><p><b>Groupe Avanc\u00e9 -\u00a0<\/b>Destin\u00e9 aux joueurs qui participent \u00e0 nos s\u00e9ances depuis plusieurs saisons et qui \u00e9voluent \u00e0 un niveau \u00e9lite (AA, AAA, Prep ou plus). L\u2019objectif est d\u2019affiner leur technique et de repousser leurs limites, avec et sans la rondelle !<\/p>\t\t\t\t\t\t\t\t<\/div>\n\t\t\t\t<\/div>\n\t\t\t\t<div class=\"elementor-element elementor-element-c5f80d2 elementor-widget elementor-widget-button\" data-id=\"c5f80d2\" data-element_type=\"widget\" data-e-type=\"widget\" data-widget_type=\"button.default\">\n\t\t\t\t<div class=\"elementor-widget-container\">\n\t\t\t\t\t\t\t\t\t<div class=\"elementor-button-wrapper\">\n\t\t\t\t\t<a class=\"elementor-button elementor-button-link elementor-size-sm\" href=\"https:\/\/qhv.ytf.mybluehost.me\/website_a245804c\/power-skating-skills\/\" target=\"_blank\" rel=\"noopener\">\n\t\t\t\t\t\t<span class=\"elementor-button-content-wrapper\">\n\t\t\t\t\t\t\t\t\t<span class=\"elementor-button-text\">More Information<\/span>\n\t\t\t\t\t<\/span>\n\t\t\t\t\t<\/a>\n\t\t\t\t<\/div>\n\t\t\t\t\t\t\t\t<\/div>\n\t\t\t\t<\/div>\n\t\t\t\t\t<\/div>\n\t\t<\/div>\n\t\t\t\t<div class=\"elementor-column elementor-col-50 elementor-inner-column elementor-element elementor-element-1c1806d\" data-id=\"1c1806d\" data-element_type=\"column\" data-e-type=\"column\">\n\t\t\t<div class=\"elementor-widget-wrap elementor-element-populated\">\n\t\t\t\t\t\t<div class=\"elementor-element elementor-element-63c3d7a elementor-widget elementor-widget-heading\" data-id=\"63c3d7a\" data-element_type=\"widget\" data-e-type=\"widget\" data-widget_type=\"heading.default\">\n\t\t\t\t<div class=\"elementor-widget-container\">\n\t\t\t\t\t<h2 class=\"elementor-heading-title elementor-size-default\"><u>Individual Skills sessions<\/u><\/h2>\t\t\t\t<\/div>\n\t\t\t\t<\/div>\n\t\t\t\t<div class=\"elementor-element elementor-element-73ffee1 elementor-widget elementor-widget-text-editor\" data-id=\"73ffee1\" data-element_type=\"widget\" data-e-type=\"widget\" data-widget_type=\"text-editor.default\">\n\t\t\t\t<div class=\"elementor-widget-container\">\n\t\t\t\t\t\t\t\t\t<p><span style=\"font-size: 16px;\">Weekly individual skill sessions are held where the goal is to work on stickhandling, shooting, puck protection, puck control, and much more! The sessions will all be held from <b>Monday to Wednesday in the evenings starting at the end of April<\/b><\/span><span style=\"font-size: 16px;\">!\u00a0\u00a0<\/span><span style=\"font-size: 16px; font-style: normal;\">Only<\/span><span style=\"font-size: 16px; font-style: normal; font-weight: bold;\"> 6 players <\/span><span style=\"font-size: 16px; font-style: normal;\">will be on the ice at all times!<\/span><\/p><p>We will have sessions for each of the following groups:<\/p><ul><li>M9 (all)<\/li><li>M11 regular (C-B-A)<\/li><li>M11 advanced (BB-AA)<\/li><li>M13 regular (C-B-A)<\/li><li>M13 advanced (BB-AA-AAA)<\/li><li>M15-M18 regular (C-B-A)<\/li><li>M15-M18 advanced (BB-AA-AAA+)<\/li><\/ul><div>The intensity will be high and the drills will be challenging. Comfort zones will be continuously pushed to increase the progress and development of the player attending!<\/div><div>\u00a0<\/div>\t\t\t\t\t\t\t\t<\/div>\n\t\t\t\t<\/div>\n\t\t\t\t<div class=\"elementor-element elementor-element-3378471 elementor-widget elementor-widget-button\" data-id=\"3378471\" data-element_type=\"widget\" data-e-type=\"widget\" data-widget_type=\"button.default\">\n\t\t\t\t<div class=\"elementor-widget-container\">\n\t\t\t\t\t\t\t\t\t<div class=\"elementor-button-wrapper\">\n\t\t\t\t\t<a class=\"elementor-button elementor-button-link elementor-size-sm\" href=\"https:\/\/qhv.ytf.mybluehost.me\/website_a245804c\/power-skating-skills\/\" target=\"_blank\" rel=\"noopener\">\n\t\t\t\t\t\t<span class=\"elementor-button-content-wrapper\">\n\t\t\t\t\t\t\t\t\t<span class=\"elementor-button-text\">More Information<\/span>\n\t\t\t\t\t<\/span>\n\t\t\t\t\t<\/a>\n\t\t\t\t<\/div>\n\t\t\t\t\t\t\t\t<\/div>\n\t\t\t\t<\/div>\n\t\t\t\t\t<\/div>\n\t\t<\/div>\n\t\t\t\t\t<\/div>\n\t\t<\/section>\n\t\t\t\t<section class=\"elementor-section elementor-inner-section elementor-element elementor-element-244bbde elementor-reverse-mobile elementor-section-boxed elementor-section-height-default elementor-section-height-default\" data-id=\"244bbde\" data-element_type=\"section\" data-e-type=\"section\">\n\t\t\t\t\t\t<div class=\"elementor-container elementor-column-gap-default\">\n\t\t\t\t\t<div class=\"elementor-column elementor-col-50 elementor-inner-column elementor-element elementor-element-b9a9f0a\" data-id=\"b9a9f0a\" data-element_type=\"column\" data-e-type=\"column\">\n\t\t\t<div class=\"elementor-widget-wrap elementor-element-populated\">\n\t\t\t\t\t\t<div class=\"elementor-element elementor-element-4aa4a44 elementor-widget elementor-widget-heading\" data-id=\"4aa4a44\" data-element_type=\"widget\" data-e-type=\"widget\" data-widget_type=\"heading.default\">\n\t\t\t\t<div class=\"elementor-widget-container\">\n\t\t\t\t\t<h2 class=\"elementor-heading-title elementor-size-default\"><u>Specialty clinics<\/u><\/h2>\t\t\t\t<\/div>\n\t\t\t\t<\/div>\n\t\t\t\t<div class=\"elementor-element elementor-element-0dbd41f elementor-widget elementor-widget-text-editor\" data-id=\"0dbd41f\" data-element_type=\"widget\" data-e-type=\"widget\" data-widget_type=\"text-editor.default\">\n\t\t\t\t<div class=\"elementor-widget-container\">\n\t\t\t\t\t\t\t\t\t<p>Specialized forward and defense clinics will be held <b>every Sunday afternoon from Mid-April to August<\/b><\/p><p>The objective of these sessions is to understand different offensive and defensive concepts, how to play them and then learn the technical skills needed to perform them.\u00a0<\/p><p>A lot of time will be taken explaining the concepts and breaking down movements so that the players fully understand when and where to use them.<\/p><p>There will be <b>12 players divided into two groups based on skill level<\/b>. Targeted age categories: M11 to M15<\/p><p><span style=\"font-size: 16px; font-style: normal; font-weight: 400;\">For more information, contact us at info@rocketpowerskating.com<\/span><\/p>\t\t\t\t\t\t\t\t<\/div>\n\t\t\t\t<\/div>\n\t\t\t\t\t<\/div>\n\t\t<\/div>\n\t\t\t\t<div class=\"elementor-column elementor-col-50 elementor-inner-column elementor-element elementor-element-75519a3\" data-id=\"75519a3\" data-element_type=\"column\" data-e-type=\"column\">\n\t\t\t<div class=\"elementor-widget-wrap elementor-element-populated\">\n\t\t\t\t\t\t<div class=\"elementor-element elementor-element-3ce940d elementor-widget elementor-widget-heading\" data-id=\"3ce940d\" data-element_type=\"widget\" data-e-type=\"widget\" data-widget_type=\"heading.default\">\n\t\t\t\t<div class=\"elementor-widget-container\">\n\t\t\t\t\t<h2 class=\"elementor-heading-title elementor-size-default\"><u>Full-Ice Development sessions<\/u><\/h2>\t\t\t\t<\/div>\n\t\t\t\t<\/div>\n\t\t\t\t<div class=\"elementor-element elementor-element-d1ef033 elementor-widget elementor-widget-text-editor\" data-id=\"d1ef033\" data-element_type=\"widget\" data-e-type=\"widget\" data-widget_type=\"text-editor.default\">\n\t\t\t\t<div class=\"elementor-widget-container\">\n\t\t\t\t\t\t\t\t\t<p><span style=\"font-size: 16px;\">These sessions, <\/span><b style=\"font-style: inherit;\">held on Saturdays from May to August<\/b><span style=\"font-size: 16px;\">, are used to combine what is learnt in all our other programs on a full-ice rink. Combining individual skills, offensive and defensive concepts and game systems while executing full-ice drills is important to be ready for the upcoming season.<\/span><\/p>\n<p>The sessions are reserved for the following groups:<\/p>\n<ul>\n<li>M11 &amp; M13 regular (C-B-A)<\/li>\n<li>M11 &amp; M13 advanced (BB-AA-AAA)<\/li>\n<li>M15 &amp; M18 advanced (BB-AA-AAA+)<\/li>\n<\/ul>\n<div><span style=\"font-size: 16px;\">&nbsp;<\/span><\/div>\t\t\t\t\t\t\t\t<\/div>\n\t\t\t\t<\/div>\n\t\t\t\t<div class=\"elementor-element elementor-element-b0f760f elementor-widget elementor-widget-button\" data-id=\"b0f760f\" data-element_type=\"widget\" data-e-type=\"widget\" data-widget_type=\"button.default\">\n\t\t\t\t<div class=\"elementor-widget-container\">\n\t\t\t\t\t\t\t\t\t<div class=\"elementor-button-wrapper\">\n\t\t\t\t\t<a class=\"elementor-button elementor-button-link elementor-size-sm\" href=\"https:\/\/qhv.ytf.mybluehost.me\/website_a245804c\/power-skating-skills\/\" target=\"_blank\" rel=\"noopener\">\n\t\t\t\t\t\t<span class=\"elementor-button-content-wrapper\">\n\t\t\t\t\t\t\t\t\t<span class=\"elementor-button-text\">More Information<\/span>\n\t\t\t\t\t<\/span>\n\t\t\t\t\t<\/a>\n\t\t\t\t<\/div>\n\t\t\t\t\t\t\t\t<\/div>\n\t\t\t\t<\/div>\n\t\t\t\t\t<\/div>\n\t\t<\/div>\n\t\t\t\t\t<\/div>\n\t\t<\/section>\n\t\t\t\t<section class=\"elementor-section elementor-inner-section elementor-element elementor-element-0e203d6 elementor-reverse-mobile elementor-section-boxed elementor-section-height-default elementor-section-height-default\" data-id=\"0e203d6\" data-element_type=\"section\" data-e-type=\"section\">\n\t\t\t\t\t\t<div class=\"elementor-container elementor-column-gap-default\">\n\t\t\t\t\t<div class=\"elementor-column elementor-col-50 elementor-inner-column elementor-element elementor-element-3ed7bf0\" data-id=\"3ed7bf0\" data-element_type=\"column\" data-e-type=\"column\">\n\t\t\t<div class=\"elementor-widget-wrap elementor-element-populated\">\n\t\t\t\t\t\t<div class=\"elementor-element elementor-element-3235b20 elementor-widget elementor-widget-heading\" data-id=\"3235b20\" data-element_type=\"widget\" data-e-type=\"widget\" data-widget_type=\"heading.default\">\n\t\t\t\t<div class=\"elementor-widget-container\">\n\t\t\t\t\t<h2 class=\"elementor-heading-title elementor-size-default\"><u>Off-Ice Sessions<\/u><\/h2>\t\t\t\t<\/div>\n\t\t\t\t<\/div>\n\t\t\t\t<div class=\"elementor-element elementor-element-db8e1da elementor-widget elementor-widget-text-editor\" data-id=\"db8e1da\" data-element_type=\"widget\" data-e-type=\"widget\" data-widget_type=\"text-editor.default\">\n\t\t\t\t<div class=\"elementor-widget-container\">\n\t\t\t\t\t\t\t\t\t<p>We offer off-ice sessions where the players have to push their limits!<\/p><p>The group of players will meet <b>three times per week at 6pm starting at the end of June<\/b>.\u00a0We will work on general physical conditioning, but more specifically on explosiveness, power, strength, agility and much more!\u00a0<\/p><p><span style=\"font-size: 16px; font-style: normal; font-weight: 400;\">Our system incorporates a science based approach to training where the players are progressively increasing intensity throughout the camp to get incredible results. They will see great on-ice improvements from our off-ice program that we have been running for almost 10 years now.<\/span><\/p><p><span style=\"font-size: 16px; font-style: normal;\"><b>Designed for M11 players and up!<\/b><\/span><\/p><p><span style=\"font-size: 16px; font-style: normal; font-weight: 400;\">For more information, contact us at info@rocketpowerskating.com<\/span><span style=\"font-size: 16px; font-style: normal; font-weight: 400;\"><br \/><\/span><\/p>\t\t\t\t\t\t\t\t<\/div>\n\t\t\t\t<\/div>\n\t\t\t\t\t<\/div>\n\t\t<\/div>\n\t\t\t\t<div class=\"elementor-column elementor-col-50 elementor-inner-column elementor-element elementor-element-fc33b62\" data-id=\"fc33b62\" data-element_type=\"column\" data-e-type=\"column\">\n\t\t\t<div class=\"elementor-widget-wrap elementor-element-populated\">\n\t\t\t\t\t\t<div class=\"elementor-element elementor-element-2f8a6c1 elementor-widget elementor-widget-heading\" data-id=\"2f8a6c1\" data-element_type=\"widget\" data-e-type=\"widget\" data-widget_type=\"heading.default\">\n\t\t\t\t<div class=\"elementor-widget-container\">\n\t\t\t\t\t<h2 class=\"elementor-heading-title elementor-size-default\"><u>Private and semi-private sessions<\/u><\/h2>\t\t\t\t<\/div>\n\t\t\t\t<\/div>\n\t\t\t\t<div class=\"elementor-element elementor-element-e3843c6 elementor-widget elementor-widget-text-editor\" data-id=\"e3843c6\" data-element_type=\"widget\" data-e-type=\"widget\" data-widget_type=\"text-editor.default\">\n\t\t\t\t<div class=\"elementor-widget-container\">\n\t\t\t\t\t\t\t\t\t<p>If you are looking for a more individualized training approach, we also offer private or semi-private sessions offered from Mondays to Wednesdays in the evenings.\u00a0<\/p><p>We can come up with a detailed plan regarding the goals of the player and the steps needed to achieve those goals.<\/p><p>We&#8217;ve had great success developing players through private sessions and seen dramatic improvements in their capabilities and skills!<\/p><p><span style=\"font-size: 16px;\">\u00a0<\/span><\/p><p><span style=\"font-size: 16px;\">\u00a0<\/span><\/p><p><span style=\"font-size: 16px; font-style: normal; font-weight: 400;\">For more information, contact us at info@rocketpowerskating.com<\/span><\/p>\t\t\t\t\t\t\t\t<\/div>\n\t\t\t\t<\/div>\n\t\t\t\t\t<\/div>\n\t\t<\/div>\n\t\t\t\t\t<\/div>\n\t\t<\/section>\n\t\t\t\t\t<\/div>\n\t\t<\/div>\n\t\t\t\t\t<\/div>\n\t\t<\/section>\n\t\t\t\t<\/div>","protected":false},"excerpt":{"rendered":"<p>Our Programs Power Skating Sessions We will be hosting power skating sessions every week on Sundays from April to August to work on the fine details of skating! Beginner Group &#8211; Dedicated for players that are starting or that have never done a power skating session in the past. The goal is to create a [&hellip;]<\/p>\n","protected":false},"author":1,"featured_media":0,"parent":0,"menu_order":0,"comment_status":"closed","ping_status":"closed","template":"","meta":{"nf_dc_page":"","_monsterinsights_skip_tracking":false,"_monsterinsights_sitenote_active":false,"_monsterinsights_sitenote_note":"","_monsterinsights_sitenote_category":0,"site-sidebar-layout":"no-sidebar","site-content-layout":"page-builder","ast-site-content-layout":"default","site-content-style":"default","site-sidebar-style":"default","ast-global-header-display":"","ast-banner-title-visibility":"","ast-main-header-display":"","ast-hfb-above-header-display":"","ast-hfb-below-header-display":"","ast-hfb-mobile-header-display":"","site-post-title":"disabled","ast-breadcrumbs-content":"","ast-featured-img":"disabled","footer-sml-layout":"","ast-disable-related-posts":"","theme-transparent-header-meta":"default","adv-header-id-meta":"","stick-header-meta":"","header-above-stick-meta":"","header-main-stick-meta":"","header-below-stick-meta":"","astra-migrate-meta-layouts":"default","ast-page-background-enabled":"default","ast-page-background-meta":{"desktop":{"background-color":"var(--ast-global-color-4)","background-image":"","background-repeat":"repeat","background-position":"center center","background-size":"auto","background-attachment":"scroll","background-type":"","background-media":"","overlay-type":"","overlay-color":"","overlay-opacity":"","overlay-gradient":""},"tablet":{"background-color":"","background-image":"","background-repeat":"repeat","background-position":"center center","background-size":"auto","background-attachment":"scroll","background-type":"","background-media":"","overlay-type":"","overlay-color":"","overlay-opacity":"","overlay-gradient":""},"mobile":{"background-color":"","background-image":"","background-repeat":"repeat","background-position":"center center","background-size":"auto","background-attachment":"scroll","background-type":"","background-media":"","overlay-type":"","overlay-color":"","overlay-opacity":"","overlay-gradient":""}},"ast-content-background-meta":{"desktop":{"background-color":"var(--ast-global-color-5)","background-image":"","background-repeat":"repeat","background-position":"center center","background-size":"auto","background-attachment":"scroll","background-type":"","background-media":"","overlay-type":"","overlay-color":"","overlay-opacity":"","overlay-gradient":""},"tablet":{"background-color":"var(--ast-global-color-5)","background-image":"","background-repeat":"repeat","background-position":"center center","background-size":"auto","background-attachment":"scroll","background-type":"","background-media":"","overlay-type":"","overlay-color":"","overlay-opacity":"","overlay-gradient":""},"mobile":{"background-color":"var(--ast-global-color-5)","background-image":"","background-repeat":"repeat","background-position":"center center","background-size":"auto","background-attachment":"scroll","background-type":"","background-media":"","overlay-type":"","overlay-color":"","overlay-opacity":"","overlay-gradient":""}},"footnotes":""},"class_list":["post-459","page","type-page","status-publish","hentry"],"_links":{"self":[{"href":"https:\/\/rocketpowerskating.com\/fr\/wp-json\/wp\/v2\/pages\/459","targetHints":{"allow":["GET"]}}],"collection":[{"href":"https:\/\/rocketpowerskating.com\/fr\/wp-json\/wp\/v2\/pages"}],"about":[{"href":"https:\/\/rocketpowerskating.com\/fr\/wp-json\/wp\/v2\/types\/page"}],"author":[{"embeddable":true,"href":"https:\/\/rocketpowerskating.com\/fr\/wp-json\/wp\/v2\/users\/1"}],"replies":[{"embeddable":true,"href":"https:\/\/rocketpowerskating.com\/fr\/wp-json\/wp\/v2\/comments?post=459"}],"version-history":[{"count":41,"href":"https:\/\/rocketpowerskating.com\/fr\/wp-json\/wp\/v2\/pages\/459\/revisions"}],"predecessor-version":[{"id":584,"href":"https:\/\/rocketpowerskating.com\/fr\/wp-json\/wp\/v2\/pages\/459\/revisions\/584"}],"wp:attachment":[{"href":"https:\/\/rocketpowerskating.com\/fr\/wp-json\/wp\/v2\/media?parent=459"}],"curies":[{"name":"wp","href":"https:\/\/api.w.org\/{rel}","templated":true}]}}